{"id":1159,"date":"2023-10-25T13:42:39","date_gmt":"2023-10-25T11:42:39","guid":{"rendered":"https:\/\/handlavet.edge-themes.com\/?page_id=1159"},"modified":"2025-08-07T22:49:55","modified_gmt":"2025-08-07T20:49:55","slug":"about-hd-studio","status":"publish","type":"page","link":"https:\/\/hasik.design\/en\/about-hd-studio\/","title":{"rendered":"About Hasik design studio"},"content":{"rendered":"<section class=\"wpb-content-wrapper\"><div class=\"vc_row wpb_row vc_row-fluid\" ><div class=\"wpb_column vc_column_container vc_col-sm-12\"><div class=\"vc_column-inner\"><div class=\"wpb_wrapper\">\n\t<div class=\"wpb_text_column wpb_content_element\" >\n\t\t<div class=\"wpb_wrapper\">\n\t\t\t<p><span style=\"vertical-align: inherit;\"><span style=\"vertical-align: inherit;\"><\/p>\n\n\t\t<\/div>\n\t<\/div>\n<\/div><\/div><\/div><\/div><div class=\"vc_row wpb_row vc_row-fluid vc_custom_1553184662847\" ><div class=\"wpb_column vc_column_container vc_col-sm-12 vc_col-lg-6 vc_col-md-12\"><div class=\"vc_column-inner\"><div class=\"wpb_wrapper\">\n\t<div class=\"wpb_text_column wpb_content_element\" >\n\t\t<div class=\"wpb_wrapper\">\n\t\t\t<p><a href=\"#\"><img loading=\"lazy\" decoding=\"async\" class=\"alignnone size-full wp-image-4145\" src=\"https:\/\/hasik.design\/wp-content\/uploads\/2023\/11\/arrow-up-left-16.png\" alt=\"\" width=\"14\" height=\"14\" srcset=\"https:\/\/hasik.design\/wp-content\/uploads\/2023\/11\/arrow-up-left-16.png 16w, https:\/\/hasik.design\/wp-content\/uploads\/2023\/11\/arrow-up-left-16-12x12.png 12w\" sizes=\"auto, (max-width: 14px) 100vw, 14px\" \/> <\/a><span style=\"vertical-align: inherit;\"><span style=\"vertical-align: inherit;\">unikalne, r\u0119cznie wykonane obiekty<\/span><\/span><br \/>\n<a href=\"https:\/\/hasik.design\/wp-content\/uploads\/2023\/11\/arrow-up-left-16.png\" data-rel=\"lightbox-image-0\" data-rl_title=\"\" data-rl_caption=\"\" title=\"\"><img loading=\"lazy\" decoding=\"async\" class=\"alignnone size-full wp-image-4145\" src=\"https:\/\/hasik.design\/wp-content\/uploads\/2023\/11\/arrow-up-left-16.png\" alt=\"\" width=\"14\" height=\"14\" srcset=\"https:\/\/hasik.design\/wp-content\/uploads\/2023\/11\/arrow-up-left-16.png 16w, https:\/\/hasik.design\/wp-content\/uploads\/2023\/11\/arrow-up-left-16-12x12.png 12w\" sizes=\"auto, (max-width: 14px) 100vw, 14px\" \/> <\/a><span style=\"vertical-align: inherit;\"><span style=\"vertical-align: inherit;\">authentic interior design <\/span><\/span><\/p>\n\n\t\t<\/div>\n\t<\/div>\n\n\t<div  class=\"wpb_single_image wpb_content_element vc_align_center\">\n\t\t\n\t\t<figure class=\"wpb_wrapper vc_figure\">\n\t\t\t<div class=\"vc_single_image-wrapper   vc_box_border_grey\"><\/div>\n\t\t<\/figure>\n\t<\/div>\n<div class=\"edgtf-clients-grid-holder edgtf-grid-list edgtf-disable-bottom-space edgtf-three-columns edgtf-huge-space  edgtf-cc-hover-switch-images\">\n\t<div class=\"edgtf-cg-inner edgtf-outer-space\">\n\t\t\t<\/div>\n<\/div><\/div><\/div><\/div><div class=\"wpb_column vc_column_container vc_col-sm-12 vc_col-lg-6 vc_col-md-12\"><div class=\"vc_column-inner\"><div class=\"wpb_wrapper\">\n\t<div class=\"wpb_raw_code wpb_content_element wpb_raw_html\" >\n\t\t<div class=\"wpb_wrapper\">\n\t\t\t<video width=\"100%\" controls>\n  <source src=\"https:\/\/hasik.design\/wp-content\/uploads\/2025\/08\/hasik-003-ramka-insta-2-1.mp4\" type=\"video\/mp4\">\n  Przegl\u0105darka nie obs\u0142uguje tego wideo.\n<\/video>\n\n\t\t<\/div>\n\t<\/div>\n<\/div><\/div><\/div><\/div><\/span><\/span><\/p>\n<\/section>","protected":false},"excerpt":{"rendered":"unikalne, r\u0119cznie wykonane obiekty autentyczny wystr\u00f3j wn\u0119trz Przegl\u0105darka nie obs\u0142uguje tego wideo.","protected":false},"author":1,"featured_media":0,"parent":0,"menu_order":0,"comment_status":"closed","ping_status":"closed","template":"","meta":{"om_disable_all_campaigns":false,"_monsterinsights_skip_tracking":false,"_monsterinsights_sitenote_active":false,"_monsterinsights_sitenote_note":"","_monsterinsights_sitenote_category":0,"_uf_show_specific_survey":0,"_uf_disable_surveys":false,"footnotes":""},"class_list":["post-1159","page","type-page","status-publish","hentry"],"aioseo_notices":[],"_links":{"self":[{"href":"https:\/\/hasik.design\/en\/wp-json\/wp\/v2\/pages\/1159","targetHints":{"allow":["GET"]}}],"collection":[{"href":"https:\/\/hasik.design\/en\/wp-json\/wp\/v2\/pages"}],"about":[{"href":"https:\/\/hasik.design\/en\/wp-json\/wp\/v2\/types\/page"}],"author":[{"embeddable":true,"href":"https:\/\/hasik.design\/en\/wp-json\/wp\/v2\/users\/1"}],"replies":[{"embeddable":true,"href":"https:\/\/hasik.design\/en\/wp-json\/wp\/v2\/comments?post=1159"}],"version-history":[{"count":44,"href":"https:\/\/hasik.design\/en\/wp-json\/wp\/v2\/pages\/1159\/revisions"}],"predecessor-version":[{"id":4537,"href":"https:\/\/hasik.design\/en\/wp-json\/wp\/v2\/pages\/1159\/revisions\/4537"}],"wp:attachment":[{"href":"https:\/\/hasik.design\/en\/wp-json\/wp\/v2\/media?parent=1159"}],"curies":[{"name":"wp","href":"https:\/\/api.w.org\/{rel}","templated":true}]}}