{"id":2,"date":"2023-10-25T20:39:26","date_gmt":"2023-10-25T18:39:26","guid":{"rendered":"https:\/\/hasik.design\/?page_id=2"},"modified":"2026-03-04T14:06:22","modified_gmt":"2026-03-04T13:06:22","slug":"faq","status":"publish","type":"page","link":"https:\/\/hasik.design\/en\/faq\/","title":{"rendered":"FAQ"},"content":{"rendered":"<p><strong>1. How to place an order?<\/strong><br>You can make a purchase through our online store or send a message to the following address:<br><a href=\"mailto:contact@hasik.design\">contact@hasik.design<\/a><\/p>\n\n\n\n<p><strong>2. How long does order processing take?<\/strong><br>All our products are custom-made for the customer. Our accessories are hand-finished and assembled.<br>The order processing time is between 1 to 8 weeks, depending on the selected product and stock availability. <br>W celu przekazania szczeg\u00f3\u0142owych informacji skontaktuj si\u0119 z nami przed zakupem: <a href=\"mailto:contact@hasik.design\" target=\"_blank\" rel=\"noreferrer noopener\">contact@hasik.design<\/a><br>Urgent orders may be fulfilled with an additional fee of 20%. For more information, please contact us.<\/p>\n\n\n\n<p><strong>3. How to make a payment?<\/strong><\/p>\n\n\n\n<p>You can place an order by sending a message to: contact@hasik.design - in response, we will provide the total amount and bank account details.<\/p>\n\n\n\n<p>You can make payments through&nbsp;<em>Paynow<\/em>&nbsp;oraz&nbsp;<em>Paypal<\/em>, where you can securely make payments.<\/p>\n\n\n\n<p><strong>4. What is the warranty on the products?<\/strong><br>We offer a 12-month warranty on all products. Materials subject to normal wear and tear, such as LED bulbs, are not covered by the warranty.<br>Under the warranty, we will repair or replace defective components or products. The buyer is solely responsible for any shipping costs incurred for inspection, if necessary.<\/p>\n\n\n\n<p><strong>5. How is shipping conducted?<\/strong><br>We ship using freight companies, and the cost is determined before order processing.<\/p>\n\n\n\n<p><strong>6. Does hasik.design have a physical store?<\/strong><br>Most of our products can be viewed in person at our Warsaw showrooms and sample rooms for architects we collaborate with.<\/p>\n\n\n\n<p>If you are interested, please feel free to contact us by email. <a href=\"mailto:contact@hasik.design\">contact@hasik.design<\/a><\/p>","protected":false},"excerpt":{"rendered":"<p>1. W jaki spos\u00f3b z\u0142o\u017cy\u0107 zam\u00f3wienie?Zakupu mo\u017cesz dokona\u0107 poprzez nasz sklep internetowy lub napisa\u0107 wiadomo\u015b\u0107 na adres:contact@hasik.design 2. Ile trwa realizacja zam\u00f3wienia?Wszystkie nasze produkty wykonywane s\u0105 na zam\u00f3wienie Klienta. Nasze akcesoria s\u0105 r\u0119cznie wyka\u0144czane i sk\u0142adane.Czas realizacji zam\u00f3wienia wynosi od 1 do 8 tygodni w zale\u017cno\u015bci od wybranego produktu oraz stanu magazynowego. W celu przekazania szczeg\u00f3\u0142owych informacji skontaktuj si\u0119 z nami przed zakupem: contact@hasik.designZam\u00f3wienia pilne mog\u0105 by\u0107 czasami realizowane za [&hellip;]<\/p>","protected":false},"author":1,"featured_media":0,"parent":0,"menu_order":0,"comment_status":"closed","ping_status":"open","template":"","meta":{"om_disable_all_campaigns":false,"_monsterinsights_skip_tracking":false,"_monsterinsights_sitenote_active":false,"_monsterinsights_sitenote_note":"","_monsterinsights_sitenote_category":0,"_uf_show_specific_survey":0,"_uf_disable_surveys":false,"footnotes":""},"class_list":["post-2","page","type-page","status-publish","hentry"],"aioseo_notices":[],"_links":{"self":[{"href":"https:\/\/hasik.design\/en\/wp-json\/wp\/v2\/pages\/2","targetHints":{"allow":["GET"]}}],"collection":[{"href":"https:\/\/hasik.design\/en\/wp-json\/wp\/v2\/pages"}],"about":[{"href":"https:\/\/hasik.design\/en\/wp-json\/wp\/v2\/types\/page"}],"author":[{"embeddable":true,"href":"https:\/\/hasik.design\/en\/wp-json\/wp\/v2\/users\/1"}],"replies":[{"embeddable":true,"href":"https:\/\/hasik.design\/en\/wp-json\/wp\/v2\/comments?post=2"}],"version-history":[{"count":10,"href":"https:\/\/hasik.design\/en\/wp-json\/wp\/v2\/pages\/2\/revisions"}],"predecessor-version":[{"id":4564,"href":"https:\/\/hasik.design\/en\/wp-json\/wp\/v2\/pages\/2\/revisions\/4564"}],"wp:attachment":[{"href":"https:\/\/hasik.design\/en\/wp-json\/wp\/v2\/media?parent=2"}],"curies":[{"name":"wp","href":"https:\/\/api.w.org\/{rel}","templated":true}]}}