{"id":3759,"date":"2023-10-25T21:02:19","date_gmt":"2023-10-25T19:02:19","guid":{"rendered":"https:\/\/hasik.design\/?page_id=3759"},"modified":"2023-11-06T16:22:36","modified_gmt":"2023-11-06T15:22:36","slug":"privacy-policy","status":"publish","type":"page","link":"https:\/\/hasik.design\/en\/privacy-policy\/","title":{"rendered":"Privacy policy"},"content":{"rendered":"<div style=\"height:20px\" aria-hidden=\"true\" class=\"wp-block-spacer\"><\/div>\n\n\n\n<p><strong>I General Provisions.<\/strong><\/p>\n\n\n\n<div style=\"height:20px\" aria-hidden=\"true\" class=\"wp-block-spacer\"><\/div>\n\n\n\n<p>1. This Privacy Policy specifies the manner in which personal data necessary for the provision of electronic services through the internet service in the domain www.hasik.design is collected, processed, and stored. <a href=\"https:\/\/hasik.design\/en\/\" data-type=\"link\" data-id=\"https:\/\/hasik.design\/\">www.hasik.design <\/a><\/p>\n\n\n\n<div style=\"height:10px\" aria-hidden=\"true\" class=\"wp-block-spacer\"><\/div>\n\n\n\n<p>2. The controller of personal data for users of the online store located at<\/p>\n\n\n\n<p><a href=\"https:\/\/hasik.design\/en\/\" data-type=\"link\" data-id=\"https:\/\/hasik.design\">www.hasik.design<\/a> is HASIK DESIGN STUDIO GRZEGORZ HASIK TOMASZ KRZYZANOWSKI Civil Partnership with the National Business Registry Number (REGON) 526629720, headquartered at Zawrotna 25, 70-883 Szczecin.<\/p>\n\n\n\n<div style=\"height:10px\" aria-hidden=\"true\" class=\"wp-block-spacer\"><\/div>\n\n\n\n<p>3. Personal data is processed in accordance with the Regulation (EU) 2016\/679 of the European Parliament and of the Council of 27 April 2016 on the protection of natural persons with regard to the processing of personal data and on the free movement of such data, and repealing Directive 95\/46\/EC (General Data Protection Regulation) (hereinafter referred to as GDPR).<\/p>\n\n\n\n<div style=\"height:10px\" aria-hidden=\"true\" class=\"wp-block-spacer\"><\/div>\n\n\n\n<p>4. The data collected by the Administrator will be:<\/p>\n\n\n\n<p>\u2022 processed in accordance with the law;<\/p>\n\n\n\n<p>\u2022 processed for specific, explicit, and legitimate purposes and not further processed in a manner incompatible with those purposes;<\/p>\n\n\n\n<p>\u2022 substantively correct and adequate in relation to the purposes for which they are processed;<\/p>\n\n\n\n<p>\u2022 stored no longer than is necessary to achieve the purpose of processing.<\/p>\n\n\n\n<div style=\"height:20px\" aria-hidden=\"true\" class=\"wp-block-spacer\"><\/div>\n\n\n\n<p><strong>II. Purpose and Legal Basis for Data Processing<\/strong><\/p>\n\n\n\n<div style=\"height:20px\" aria-hidden=\"true\" class=\"wp-block-spacer\"><\/div>\n\n\n\n<p>1. The Administrator processes personal data necessary for the provision and development of the services offered through the Service and its individual functionalities.<\/p>\n\n\n\n<div style=\"height:10px\" aria-hidden=\"true\" class=\"wp-block-spacer\"><\/div>\n\n\n\n<p>2. Personal data will be processed for the following purposes:<\/p>\n\n\n\n<p>\u2022 verification of the User's identity and execution of the agreement for the provision of electronic services in accordance with the Act of July 18, 2002, on the provision of electronic services, especially by enabling the use of the User's account - based on the acceptance of the Terms and Conditions (Article 6(1)(b) GDPR);<\/p>\n\n\n\n<p>\u2022 communication with the User to provide necessary information and build positive and reliable relationships, which constitutes the legitimate interest of the Administrator (Article 6(1)(f) GDPR);<\/p>\n\n\n\n<p>\u2022 promoting the Administrator's own products and\/or services as well as those of their Partners through the electronic transmission of marketing information, provided the User has given consent to receive such notifications via email (Article 6(1)(a) GDPR);<\/p>\n\n\n\n<p>\u2022 granting access to information about industry news directly related to the Administrator's activities, provided the User has given consent to receive such notifications via email (Article 6(1)(a) GDPR);<\/p>\n\n\n\n<p>\u2022 for analytical and statistical purposes based on the legitimate interest of the Administrator, which involves verifying user activities and preferences to optimize services, products, and functionalities of the Service (Article 6(1)(f) GDPR);<\/p>\n\n\n\n<p>\u2022 for potential establishment, investigation of claims, or defense against them based on the legitimate interest of the Administrator, which involves protecting their rights (Article 6(1)(f) GDPR).<\/p>\n\n\n\n<div style=\"height:10px\" aria-hidden=\"true\" class=\"wp-block-spacer\"><\/div>\n\n\n\n<p>3. In each of the cases mentioned above (point 2), providing data is voluntary but necessary for the conclusion of the agreement or for using other functionalities of the Service.<\/p>\n\n\n\n<div style=\"height:20px\" aria-hidden=\"true\" class=\"wp-block-spacer\"><\/div>\n\n\n\n<p><strong>III. Period of Personal Data Processing<\/strong><\/p>\n\n\n\n<div style=\"height:20px\" aria-hidden=\"true\" class=\"wp-block-spacer\"><\/div>\n\n\n\n<p>1. Personal data will be processed for the period necessary to maintain compliance with legal regulations, pursue or defend against any potential claims, but not longer than 3 years from the termination of the agreement for the provision of electronic services.<\/p>\n\n\n\n<div style=\"height:10px\" aria-hidden=\"true\" class=\"wp-block-spacer\"><\/div>\n\n\n\n<p>2. Data processed based on consent will be processed until the consent is withdrawn, with the proviso that the withdrawal of this consent does not affect the lawfulness of processing carried out before such withdrawal.<\/p>\n\n\n\n<div style=\"height:20px\" aria-hidden=\"true\" class=\"wp-block-spacer\"><\/div>\n\n\n\n<p><strong>IV. Information about Processing<\/strong><\/p>\n\n\n\n<div style=\"height:20px\" aria-hidden=\"true\" class=\"wp-block-spacer\"><\/div>\n\n\n\n<p>1. Personal data, depending on the purpose of processing, may be disclosed to:<\/p>\n\n\n\n<p>\u2022 entities affiliated with the Administrator;<\/p>\n\n\n\n<p>\u2022 entities cooperating with the Administrator;<\/p>\n\n\n\n<p>\u2022 subcontractors, especially entities providing and managing selected IT systems and solutions;<\/p>\n\n\n\n<p>\u2022 entities handling online payments;<\/p>\n\n\n\n<p>\u2022 entities providing courier and postal services;<\/p>\n\n\n\n<p>\u2022 law firms.<\/p>\n\n\n\n<div style=\"height:20px\" aria-hidden=\"true\" class=\"wp-block-spacer\"><\/div>\n\n\n\n<p><strong>V. Rights of the Data Subjects<\/strong><\/p>\n\n\n\n<div style=\"height:20px\" aria-hidden=\"true\" class=\"wp-block-spacer\"><\/div>\n\n\n\n<p>1. The Service User has the right to:<\/p>\n\n\n\n<p>\u2022 access the content of their personal data;<\/p>\n\n\n\n<p>\u2022 correction of data;<\/p>\n\n\n\n<p>\u2022 deletion of data;<\/p>\n\n\n\n<p>\u2022 restriction of data processing;<\/p>\n\n\n\n<p>\u2022 data portability;<\/p>\n\n\n\n<p>\u2022 objection to processing based on the legitimate interest of the administrator;<\/p>\n\n\n\n<p>\u2022 withdrawal of consent at any time without affecting the lawfulness of processing based on consent before its withdrawal.<\/p>\n\n\n\n<div style=\"height:10px\" aria-hidden=\"true\" class=\"wp-block-spacer\"><\/div>\n\n\n\n<p>2. The User has the right to lodge a complaint with the President of the Personal Data Protection Office if they believe that the processing infringes upon their rights and freedoms.<\/p>\n\n\n\n<div style=\"height:10px\" aria-hidden=\"true\" class=\"wp-block-spacer\"><\/div>\n\n\n\n<p>3. In the data processing process, there is no automated decision-making, including profiling.<\/p>\n\n\n\n<div style=\"height:20px\" aria-hidden=\"true\" class=\"wp-block-spacer\"><\/div>\n\n\n\n<p><strong>VI. Final Provisions.<\/strong><\/p>\n\n\n\n<div style=\"height:20px\" aria-hidden=\"true\" class=\"wp-block-spacer\"><\/div>\n\n\n\n<p>1. The Administrator reserves the right to make changes to this Privacy Policy while ensuring that the rights of Users arising from this document will not be limited.<\/p>\n\n\n\n<div style=\"height:10px\" aria-hidden=\"true\" class=\"wp-block-spacer\"><\/div>\n\n\n\n<p>Users will be informed about any changes to the Privacy Policy through a notice available on the Service.<\/p>","protected":false},"excerpt":{"rendered":"<p>I Postanowienia Og\u00f3lne. 1. Niniejsza Polityka ochrony prywatno\u015bci okre\u015bla spos\u00f3b zbierania, przetwarzania i przechowywania danych osobowych koniecznych do \u015bwiadczenia us\u0142ug drog\u0105 elektroniczn\u0105 za po\u015brednictwem serwisu internetowego w domenie www.hasik.design 2. Administratorem danych osobowych u\u017cytkownik\u00f3w sklepu internetowego pod adresem www.hasik.design jest HASIK DESIGN STUDIO GRZEGORZ HASIK TOMASZ KRZY\u017bANOWSKI Sp\u00f3\u0142ka Cywilna REGON: 526629720 z siedzib\u0105: ul Zawrotna 25, 70-883 Szczecin. 3. Dane osobowe przetwarzane s\u0105 zgodnie z Rozporz\u0105dzeniem Parlamentu Europejskiego i Rady [&hellip;]<\/p>","protected":false},"author":1,"featured_media":0,"parent":0,"menu_order":0,"comment_status":"closed","ping_status":"closed","template":"","meta":{"om_disable_all_campaigns":false,"_monsterinsights_skip_tracking":false,"_monsterinsights_sitenote_active":false,"_monsterinsights_sitenote_note":"","_monsterinsights_sitenote_category":0,"_uf_show_specific_survey":0,"_uf_disable_surveys":false,"footnotes":""},"class_list":["post-3759","page","type-page","status-publish","hentry"],"aioseo_notices":[],"_links":{"self":[{"href":"https:\/\/hasik.design\/en\/wp-json\/wp\/v2\/pages\/3759","targetHints":{"allow":["GET"]}}],"collection":[{"href":"https:\/\/hasik.design\/en\/wp-json\/wp\/v2\/pages"}],"about":[{"href":"https:\/\/hasik.design\/en\/wp-json\/wp\/v2\/types\/page"}],"author":[{"embeddable":true,"href":"https:\/\/hasik.design\/en\/wp-json\/wp\/v2\/users\/1"}],"replies":[{"embeddable":true,"href":"https:\/\/hasik.design\/en\/wp-json\/wp\/v2\/comments?post=3759"}],"version-history":[{"count":5,"href":"https:\/\/hasik.design\/en\/wp-json\/wp\/v2\/pages\/3759\/revisions"}],"predecessor-version":[{"id":3988,"href":"https:\/\/hasik.design\/en\/wp-json\/wp\/v2\/pages\/3759\/revisions\/3988"}],"wp:attachment":[{"href":"https:\/\/hasik.design\/en\/wp-json\/wp\/v2\/media?parent=3759"}],"curies":[{"name":"wp","href":"https:\/\/api.w.org\/{rel}","templated":true}]}}