{"id":3794,"date":"2023-10-25T21:50:26","date_gmt":"2023-10-25T19:50:26","guid":{"rendered":"https:\/\/hasik.design\/?post_type=product&#038;p=3794"},"modified":"2025-08-03T15:51:50","modified_gmt":"2025-08-03T13:51:50","slug":"aurora-m","status":"publish","type":"product","link":"https:\/\/hasik.design\/en\/product\/aurora-m\/","title":{"rendered":"AURORA M"},"content":{"rendered":"<p>The lamp assembly is exceptionally intuitive, thanks to the incisions in the material that allow for the smooth interlocking of individual planes.<\/p>\n<p><span class=\"s1\">\u2022 LEAD TIME<\/span><\/p>\n<p><span class=\"s1\">from 2 to 4 weeks<\/span><\/p>\n<p><span class=\"s1\">\u2022 SIZE<\/span><\/p>\n<p><span class=\"s1\">290 x 200 x 140mm (11.42 x 7.87 x 5.51'')<\/span><\/p>\n<p><span class=\"s1\">\u2022 MATERIALS \/ FINISH:<\/span><\/p>\n<p><span class=\"s1\">raw aluminium<\/span><\/p>\n<p><span class=\"s1\">\u2022 CORD \/ SWITCH:<\/span><\/p>\n<p><span class=\"s1\">przew\u00f3d czarny, d\u0142ugo\u015b\u0107 160cm, w\u0142\u0105cznik zlokalizowany 50cm od lampy, wtyczka EU<\/span><\/p>\n<p><span class=\"s1\">\u2022 LIGHT SOURCE \/ POWER SUPPLY:<\/span><\/p>\n<p><span class=\"s1\">E14 LED bulb, 4W, 1800K, 2W, 65lm \/ 220-240V<\/span><\/p>\n<p><a href=\"https:\/\/hasik.design\/wp-content\/uploads\/2023\/10\/aurora_m.png\" data-rel=\"lightbox-image-0\" data-rl_title=\"\" data-rl_caption=\"\" title=\"\"><img loading=\"lazy\" decoding=\"async\" class=\"alignnone wp-image-4111\" src=\"https:\/\/hasik.design\/wp-content\/uploads\/2023\/10\/aurora_m.png\" alt=\"\" width=\"200\" height=\"200\" srcset=\"https:\/\/hasik.design\/wp-content\/uploads\/2023\/10\/aurora_m.png 787w, https:\/\/hasik.design\/wp-content\/uploads\/2023\/10\/aurora_m-300x300.png 300w, https:\/\/hasik.design\/wp-content\/uploads\/2023\/10\/aurora_m-150x150.png 150w, https:\/\/hasik.design\/wp-content\/uploads\/2023\/10\/aurora_m-768x768.png 768w, https:\/\/hasik.design\/wp-content\/uploads\/2023\/10\/aurora_m-12x12.png 12w, https:\/\/hasik.design\/wp-content\/uploads\/2023\/10\/aurora_m-650x650.png 650w, https:\/\/hasik.design\/wp-content\/uploads\/2023\/10\/aurora_m-600x600.png 600w, https:\/\/hasik.design\/wp-content\/uploads\/2023\/10\/aurora_m-100x100.png 100w\" sizes=\"auto, (max-width: 200px) 100vw, 200px\" \/><\/a><\/p>","protected":false},"excerpt":{"rendered":"<p>The Aurora lamp is a unique object created to blend both distinctive form and atmospheric light. Its design is based on timeless geometric shapes such as the circle and rectangle, creating an unconventional interplay of light and shadow. This effect may evoke associations with a solar eclipse or the halos of saints, serving as inspiration for the lamp's creation. The entire structure of the Aurora lamp is crafted from hand-brushed raw aluminum, giving it an industrial and modern appearance. Over time, the material naturally oxidizes, altering its surface and imparting an even more unique character to the lamp. It is available in two sizes: M and L, providing you with the opportunity to tailor it to your interior and preferences.<\/p>","protected":false},"featured_media":3795,"template":"","meta":{"om_disable_all_campaigns":false,"_monsterinsights_skip_tracking":false,"_monsterinsights_sitenote_active":false,"_monsterinsights_sitenote_note":"","_monsterinsights_sitenote_category":0,"_uf_show_specific_survey":0,"_uf_disable_surveys":false},"product_cat":[128],"product_tag":[],"class_list":["post-3794","product","type-product","status-publish","has-post-thumbnail","hentry","product_cat-oswietlenie"],"aioseo_notices":[],"_links":{"self":[{"href":"https:\/\/hasik.design\/en\/wp-json\/wp\/v2\/product\/3794","targetHints":{"allow":["GET"]}}],"collection":[{"href":"https:\/\/hasik.design\/en\/wp-json\/wp\/v2\/product"}],"about":[{"href":"https:\/\/hasik.design\/en\/wp-json\/wp\/v2\/types\/product"}],"wp:featuredmedia":[{"embeddable":true,"href":"https:\/\/hasik.design\/en\/wp-json\/wp\/v2\/media\/3795"}],"wp:attachment":[{"href":"https:\/\/hasik.design\/en\/wp-json\/wp\/v2\/media?parent=3794"}],"wp:term":[{"taxonomy":"product_cat","embeddable":true,"href":"https:\/\/hasik.design\/en\/wp-json\/wp\/v2\/product_cat?post=3794"},{"taxonomy":"product_tag","embeddable":true,"href":"https:\/\/hasik.design\/en\/wp-json\/wp\/v2\/product_tag?post=3794"}],"curies":[{"name":"wp","href":"https:\/\/api.w.org\/{rel}","templated":true}]}}