{"id":3798,"date":"2023-10-25T21:51:56","date_gmt":"2023-10-25T19:51:56","guid":{"rendered":"https:\/\/hasik.design\/?post_type=product&#038;p=3798"},"modified":"2025-08-03T14:49:10","modified_gmt":"2025-08-03T12:49:10","slug":"aurora-m-with-marble","status":"publish","type":"product","link":"https:\/\/hasik.design\/en\/product\/aurora-m-with-marble\/","title":{"rendered":"AURORA M WITH MARBLE"},"content":{"rendered":"<p><strong>Each stone facade is unique - the pattern of use, color, and shades of Lilac White marble may differ from those shown in the pictures.<\/strong><\/p>\n<p>Monta\u017c lampy jest niezwykle prosty; wystarczy wsun\u0105\u0107 w siebie poszczeg\u00f3lne elementy.<\/p>\n<p><span class=\"s1\">\u2022 LEAD TIME<\/span><\/p>\n<p><span class=\"s1\">from 2 to 4 weeks<\/span><\/p>\n<p><span class=\"s1\">\u2022 SIZE<\/span><\/p>\n<p><span class=\"s1\">290 x 200 x 140mm (11.42 x 7.87 x 5.51'')<\/span><\/p>\n<p><span class=\"s1\">\u2022 MATERIALS \/ FINISH:<\/span><\/p>\n<p><span class=\"s1\">raw aluminum, polished marble<\/span><\/p>\n<p><span class=\"s1\">\u2022 CORD \/ SWITCH:<\/span><\/p>\n<p><span class=\"s1\">przew\u00f3d czarny, d\u0142ugo\u015b\u0107 160cm, w\u0142\u0105cznik zlokalizowany 50cm od lampy, wtyczka EU<\/span><\/p>\n<p><span class=\"s1\">\u2022 LIGHT SOURCE \/ POWER SUPPLY:<\/span><\/p>\n<p><span class=\"s1\">E14 LED bulb, 4W, 1800K, 2W, 65lm \/ 220-240V<\/span><\/p>\n<p><a href=\"https:\/\/hasik.design\/wp-content\/uploads\/2023\/10\/aurora_m.png\" data-rel=\"lightbox-image-0\" data-rl_title=\"\" data-rl_caption=\"\" title=\"\"><img loading=\"lazy\" decoding=\"async\" class=\"alignnone wp-image-4111\" src=\"https:\/\/hasik.design\/wp-content\/uploads\/2023\/10\/aurora_m.png\" alt=\"\" width=\"242\" height=\"242\" srcset=\"https:\/\/hasik.design\/wp-content\/uploads\/2023\/10\/aurora_m.png 787w, https:\/\/hasik.design\/wp-content\/uploads\/2023\/10\/aurora_m-300x300.png 300w, https:\/\/hasik.design\/wp-content\/uploads\/2023\/10\/aurora_m-150x150.png 150w, https:\/\/hasik.design\/wp-content\/uploads\/2023\/10\/aurora_m-768x768.png 768w, https:\/\/hasik.design\/wp-content\/uploads\/2023\/10\/aurora_m-12x12.png 12w, https:\/\/hasik.design\/wp-content\/uploads\/2023\/10\/aurora_m-650x650.png 650w, https:\/\/hasik.design\/wp-content\/uploads\/2023\/10\/aurora_m-600x600.png 600w, https:\/\/hasik.design\/wp-content\/uploads\/2023\/10\/aurora_m-100x100.png 100w\" sizes=\"auto, (max-width: 242px) 100vw, 242px\" \/><\/a><\/p>","protected":false},"excerpt":{"rendered":"<p>Aurora with Marble is both a lamp and an object that combines timeless design with a mystical play of lights. What distinguishes this variant of Aurora is the use of stone. The delicate and thin planes of marble gently transmit light, revealing another dimension of its reflection. Each shade is unique and has an unparalleled structure, which, accentuated by light, creates a harmonious interplay between nature and design.<\/p>","protected":false},"featured_media":3799,"template":"","meta":{"om_disable_all_campaigns":false,"_monsterinsights_skip_tracking":false,"_monsterinsights_sitenote_active":false,"_monsterinsights_sitenote_note":"","_monsterinsights_sitenote_category":0,"_uf_show_specific_survey":0,"_uf_disable_surveys":false},"product_cat":[128],"product_tag":[],"class_list":["post-3798","product","type-product","status-publish","has-post-thumbnail","hentry","product_cat-oswietlenie"],"aioseo_notices":[],"_links":{"self":[{"href":"https:\/\/hasik.design\/en\/wp-json\/wp\/v2\/product\/3798","targetHints":{"allow":["GET"]}}],"collection":[{"href":"https:\/\/hasik.design\/en\/wp-json\/wp\/v2\/product"}],"about":[{"href":"https:\/\/hasik.design\/en\/wp-json\/wp\/v2\/types\/product"}],"wp:featuredmedia":[{"embeddable":true,"href":"https:\/\/hasik.design\/en\/wp-json\/wp\/v2\/media\/3799"}],"wp:attachment":[{"href":"https:\/\/hasik.design\/en\/wp-json\/wp\/v2\/media?parent=3798"}],"wp:term":[{"taxonomy":"product_cat","embeddable":true,"href":"https:\/\/hasik.design\/en\/wp-json\/wp\/v2\/product_cat?post=3798"},{"taxonomy":"product_tag","embeddable":true,"href":"https:\/\/hasik.design\/en\/wp-json\/wp\/v2\/product_tag?post=3798"}],"curies":[{"name":"wp","href":"https:\/\/api.w.org\/{rel}","templated":true}]}}